{"id":864,"date":"2023-04-25T11:25:00","date_gmt":"2023-04-25T11:25:00","guid":{"rendered":"https:\/\/dummy.xtemos.com\/woodmart2\/furniture2-elementor\/?post_type=product&amp;p=864"},"modified":"2023-04-25T11:25:00","modified_gmt":"2023-04-25T11:25:00","slug":"gift-card","status":"publish","type":"product","link":"https:\/\/louxor16.com\/fr\/produit\/gift-card\/","title":{"rendered":"Carte-cadeau"},"content":{"rendered":"","protected":false},"excerpt":{"rendered":"<p>The special inner foam moulds itself to accommodate and provide maximum comfort, then returns to its original shape.\u200e Thanks to the zip it is easily removable and therefore washable.\u200e<\/p>","protected":false},"featured_media":865,"template":"","meta":[],"product_brand":[],"product_cat":[27],"product_tag":[],"class_list":{"0":"post-864","1":"product","2":"type-product","3":"status-publish","4":"has-post-thumbnail","6":"product_cat-accessories","8":"first","9":"instock","10":"shipping-taxable","11":"purchasable","12":"product-type-simple"},"yoast_head":"<!-- This site is optimized with the Yoast SEO plugin v24.0 - https:\/\/yoast.com\/wordpress\/plugins\/seo\/ -->\n<title>Gift card - louxor16.com<\/title>\n<meta name=\"description\" content=\"Louxor specializes in general export and import, with a particular focus on restaurant and bakery equipment.\" \/>\n<meta name=\"robots\" content=\"index, follow, max-snippet:-1, max-image-preview:large, max-video-preview:-1\" \/>\n<link rel=\"canonical\" href=\"https:\/\/louxor16.com\/fr\/produit\/gift-card\/\" \/>\n<meta property=\"og:locale\" content=\"fr_FR\" \/>\n<meta property=\"og:type\" content=\"article\" \/>\n<meta property=\"og:title\" content=\"Gift card - louxor16.com\" \/>\n<meta property=\"og:description\" content=\"Louxor specializes in general export and import, with a particular focus on restaurant and bakery equipment.\" \/>\n<meta property=\"og:url\" content=\"https:\/\/louxor16.com\/fr\/produit\/gift-card\/\" \/>\n<meta property=\"og:site_name\" content=\"louxor16.com\" \/>\n<meta property=\"og:image\" content=\"https:\/\/louxor16.com\/wp-content\/uploads\/2023\/04\/wd-furniture-gift-card-prod-2-1.jpg\" \/>\n\t<meta property=\"og:image:width\" content=\"700\" \/>\n\t<meta property=\"og:image:height\" content=\"800\" \/>\n\t<meta property=\"og:image:type\" content=\"image\/jpeg\" \/>\n<meta name=\"twitter:card\" content=\"summary_large_image\" \/>\n<script type=\"application\/ld+json\" class=\"yoast-schema-graph\">{\"@context\":\"https:\/\/schema.org\",\"@graph\":[{\"@type\":\"WebPage\",\"@id\":\"https:\/\/louxor16.com\/product\/gift-card\/\",\"url\":\"https:\/\/louxor16.com\/product\/gift-card\/\",\"name\":\"Gift card - louxor16.com\",\"isPartOf\":{\"@id\":\"https:\/\/louxor16.com\/#website\"},\"primaryImageOfPage\":{\"@id\":\"https:\/\/louxor16.com\/product\/gift-card\/#primaryimage\"},\"image\":{\"@id\":\"https:\/\/louxor16.com\/product\/gift-card\/#primaryimage\"},\"thumbnailUrl\":\"https:\/\/louxor16.com\/wp-content\/uploads\/2023\/04\/wd-furniture-gift-card-prod-2-1.jpg\",\"datePublished\":\"2023-04-25T11:25:00+00:00\",\"dateModified\":\"2023-04-25T11:25:00+00:00\",\"description\":\"Louxor specializes in general export and import, with a particular focus on restaurant and bakery equipment.\",\"breadcrumb\":{\"@id\":\"https:\/\/louxor16.com\/product\/gift-card\/#breadcrumb\"},\"inLanguage\":\"fr-FR\",\"potentialAction\":[{\"@type\":\"ReadAction\",\"target\":[\"https:\/\/louxor16.com\/product\/gift-card\/\"]}]},{\"@type\":\"ImageObject\",\"inLanguage\":\"fr-FR\",\"@id\":\"https:\/\/louxor16.com\/product\/gift-card\/#primaryimage\",\"url\":\"https:\/\/louxor16.com\/wp-content\/uploads\/2023\/04\/wd-furniture-gift-card-prod-2-1.jpg\",\"contentUrl\":\"https:\/\/louxor16.com\/wp-content\/uploads\/2023\/04\/wd-furniture-gift-card-prod-2-1.jpg\",\"width\":700,\"height\":800},{\"@type\":\"BreadcrumbList\",\"@id\":\"https:\/\/louxor16.com\/product\/gift-card\/#breadcrumb\",\"itemListElement\":[{\"@type\":\"ListItem\",\"position\":1,\"name\":\"Home\",\"item\":\"https:\/\/louxor16.com\/\"},{\"@type\":\"ListItem\",\"position\":2,\"name\":\"Shop\",\"item\":\"https:\/\/louxor16.com\/shop\/\"},{\"@type\":\"ListItem\",\"position\":3,\"name\":\"Gift card\"}]},{\"@type\":\"WebSite\",\"@id\":\"https:\/\/louxor16.com\/#website\",\"url\":\"https:\/\/louxor16.com\/\",\"name\":\"louxor16.com\",\"description\":\"Louxor\",\"publisher\":{\"@id\":\"https:\/\/louxor16.com\/#organization\"},\"alternateName\":\"louxor86\",\"potentialAction\":[{\"@type\":\"SearchAction\",\"target\":{\"@type\":\"EntryPoint\",\"urlTemplate\":\"https:\/\/louxor16.com\/?s={search_term_string}\"},\"query-input\":{\"@type\":\"PropertyValueSpecification\",\"valueRequired\":true,\"valueName\":\"search_term_string\"}}],\"inLanguage\":\"fr-FR\"},{\"@type\":\"Organization\",\"@id\":\"https:\/\/louxor16.com\/#organization\",\"name\":\"louxor\",\"alternateName\":\"Louxor specializes in general export and import, with a particular focus on restaurant and bakery equipment.\",\"url\":\"https:\/\/louxor16.com\/\",\"logo\":{\"@type\":\"ImageObject\",\"inLanguage\":\"fr-FR\",\"@id\":\"https:\/\/louxor16.com\/#\/schema\/logo\/image\/\",\"url\":\"https:\/\/louxor16.com\/wp-content\/uploads\/2024\/12\/WhatsApp-Image-2024-12-05-at-19.14.06_5f822bc2.jpg\",\"contentUrl\":\"https:\/\/louxor16.com\/wp-content\/uploads\/2024\/12\/WhatsApp-Image-2024-12-05-at-19.14.06_5f822bc2.jpg\",\"width\":1280,\"height\":720,\"caption\":\"louxor\"},\"image\":{\"@id\":\"https:\/\/louxor16.com\/#\/schema\/logo\/image\/\"}}]}<\/script>\n<!-- \/ Yoast SEO plugin. -->","yoast_head_json":{"title":"Gift card - louxor16.com","description":"Louxor est sp\u00e9cialis\u00e9e dans l&#039;exportation et l&#039;importation, avec un accent particulier sur le restaurant et boulangerie-p\u00e2tisserie de l&#039;\u00e9quipement.","robots":{"index":"index","follow":"follow","max-snippet":"max-snippet:-1","max-image-preview":"max-image-preview:large","max-video-preview":"max-video-preview:-1"},"canonical":"https:\/\/louxor16.com\/fr\/produit\/gift-card\/","og_locale":"fr_FR","og_type":"article","og_title":"Gift card - louxor16.com","og_description":"Louxor specializes in general export and import, with a particular focus on restaurant and bakery equipment.","og_url":"https:\/\/louxor16.com\/fr\/produit\/gift-card\/","og_site_name":"louxor16.com","og_image":[{"width":700,"height":800,"url":"https:\/\/louxor16.com\/wp-content\/uploads\/2023\/04\/wd-furniture-gift-card-prod-2-1.jpg","type":"image\/jpeg"}],"twitter_card":"summary_large_image","schema":{"@context":"https:\/\/schema.org","@graph":[{"@type":"WebPage","@id":"https:\/\/louxor16.com\/product\/gift-card\/","url":"https:\/\/louxor16.com\/product\/gift-card\/","name":"Gift card - louxor16.com","isPartOf":{"@id":"https:\/\/louxor16.com\/#website"},"primaryImageOfPage":{"@id":"https:\/\/louxor16.com\/product\/gift-card\/#primaryimage"},"image":{"@id":"https:\/\/louxor16.com\/product\/gift-card\/#primaryimage"},"thumbnailUrl":"https:\/\/louxor16.com\/wp-content\/uploads\/2023\/04\/wd-furniture-gift-card-prod-2-1.jpg","datePublished":"2023-04-25T11:25:00+00:00","dateModified":"2023-04-25T11:25:00+00:00","description":"Louxor est sp\u00e9cialis\u00e9e dans l&#039;exportation et l&#039;importation, avec un accent particulier sur le restaurant et boulangerie-p\u00e2tisserie de l&#039;\u00e9quipement.","breadcrumb":{"@id":"https:\/\/louxor16.com\/product\/gift-card\/#breadcrumb"},"inLanguage":"fr-FR","potentialAction":[{"@type":"ReadAction","target":["https:\/\/louxor16.com\/product\/gift-card\/"]}]},{"@type":"ImageObject","inLanguage":"fr-FR","@id":"https:\/\/louxor16.com\/product\/gift-card\/#primaryimage","url":"https:\/\/louxor16.com\/wp-content\/uploads\/2023\/04\/wd-furniture-gift-card-prod-2-1.jpg","contentUrl":"https:\/\/louxor16.com\/wp-content\/uploads\/2023\/04\/wd-furniture-gift-card-prod-2-1.jpg","width":700,"height":800},{"@type":"BreadcrumbList","@id":"https:\/\/louxor16.com\/product\/gift-card\/#breadcrumb","itemListElement":[{"@type":"ListItem","position":1,"name":"Home","item":"https:\/\/louxor16.com\/"},{"@type":"ListItem","position":2,"name":"Shop","item":"https:\/\/louxor16.com\/shop\/"},{"@type":"ListItem","position":3,"name":"Gift card"}]},{"@type":"WebSite","@id":"https:\/\/louxor16.com\/#website","url":"https:\/\/louxor16.com\/","name":"louxor16.com","description":"Louxor","publisher":{"@id":"https:\/\/louxor16.com\/#organization"},"alternateName":"louxor86","potentialAction":[{"@type":"SearchAction","target":{"@type":"EntryPoint","urlTemplate":"https:\/\/louxor16.com\/?s={search_term_string}"},"query-input":{"@type":"PropertyValueSpecification","valueRequired":true,"valueName":"search_term_string"}}],"inLanguage":"fr-FR"},{"@type":"Organization","@id":"https:\/\/louxor16.com\/#organization","name":"louxor","alternateName":"Louxor specializes in general export and import, with a particular focus on restaurant and bakery equipment.","url":"https:\/\/louxor16.com\/","logo":{"@type":"ImageObject","inLanguage":"fr-FR","@id":"https:\/\/louxor16.com\/#\/schema\/logo\/image\/","url":"https:\/\/louxor16.com\/wp-content\/uploads\/2024\/12\/WhatsApp-Image-2024-12-05-at-19.14.06_5f822bc2.jpg","contentUrl":"https:\/\/louxor16.com\/wp-content\/uploads\/2024\/12\/WhatsApp-Image-2024-12-05-at-19.14.06_5f822bc2.jpg","width":1280,"height":720,"caption":"louxor"},"image":{"@id":"https:\/\/louxor16.com\/#\/schema\/logo\/image\/"}}]}},"_links":{"self":[{"href":"https:\/\/louxor16.com\/fr\/wp-json\/wp\/v2\/product\/864","targetHints":{"allow":["GET"]}}],"collection":[{"href":"https:\/\/louxor16.com\/fr\/wp-json\/wp\/v2\/product"}],"about":[{"href":"https:\/\/louxor16.com\/fr\/wp-json\/wp\/v2\/types\/product"}],"version-history":[{"count":0,"href":"https:\/\/louxor16.com\/fr\/wp-json\/wp\/v2\/product\/864\/revisions"}],"wp:featuredmedia":[{"embeddable":true,"href":"https:\/\/louxor16.com\/fr\/wp-json\/wp\/v2\/media\/865"}],"wp:attachment":[{"href":"https:\/\/louxor16.com\/fr\/wp-json\/wp\/v2\/media?parent=864"}],"wp:term":[{"taxonomy":"product_brand","embeddable":true,"href":"https:\/\/louxor16.com\/fr\/wp-json\/wp\/v2\/product_brand?post=864"},{"taxonomy":"product_cat","embeddable":true,"href":"https:\/\/louxor16.com\/fr\/wp-json\/wp\/v2\/product_cat?post=864"},{"taxonomy":"product_tag","embeddable":true,"href":"https:\/\/louxor16.com\/fr\/wp-json\/wp\/v2\/product_tag?post=864"}],"curies":[{"name":"wp","href":"https:\/\/api.w.org\/{rel}","templated":true}]}}