{"id":438,"date":"2023-04-21T14:54:06","date_gmt":"2023-04-21T14:54:06","guid":{"rendered":"https:\/\/dummy.xtemos.com\/woodmart2\/furniture2-elementor\/?post_type=product&amp;p=438"},"modified":"2023-04-21T14:54:06","modified_gmt":"2023-04-21T14:54:06","slug":"navona","status":"publish","type":"product","link":"https:\/\/louxor16.com\/fr\/produit\/navona\/","title":{"rendered":"Navona"},"content":{"rendered":"<div data-elementor-type=\"wp-post\" data-elementor-id=\"438\" class=\"elementor elementor-438\">\n\t\t\t\t\t\t<section class=\"elementor-section elementor-top-section elementor-element elementor-element-c937877 elementor-section-boxed elementor-section-height-default elementor-section-height-default wd-section-disabled\" data-id=\"c937877\" data-element_type=\"section\">\n\t\t\t\t\t\t<div class=\"elementor-container elementor-column-gap-default\">\n\t\t\t\t\t<div class=\"elementor-column elementor-col-100 elementor-top-column elementor-element elementor-element-b4e37de\" data-id=\"b4e37de\" data-element_type=\"column\">\n\t\t\t<div class=\"elementor-widget-wrap elementor-element-populated\">\n\t\t\t\t\t\t<div class=\"elementor-element elementor-element-e076ef1 elementor-widget elementor-widget-wd_image_or_svg\" data-id=\"e076ef1\" data-element_type=\"widget\" data-widget_type=\"wd_image_or_svg.default\">\n\t\t\t\t<div class=\"elementor-widget-container\">\n\t\t\t\t\t\n\t\t<div class=\"wd-image text-left\">\n\t\t\t\t\t\t\t\t<img fetchpriority=\"high\" decoding=\"async\" width=\"680\" height=\"280\" src=\"https:\/\/louxor16.com\/wp-content\/uploads\/2023\/04\/description-about-brand-3-opt.jpg\" class=\"attachment-full size-full\" alt=\"\" srcset=\"https:\/\/louxor16.com\/wp-content\/uploads\/2023\/04\/description-about-brand-3-opt.jpg 680w, https:\/\/louxor16.com\/wp-content\/uploads\/2023\/04\/description-about-brand-3-opt-150x62.jpg 150w\" sizes=\"(max-width: 680px) 100vw, 680px\" \/>\t\t\t\t\t<\/div>\n\n\t\t\t\t\t\t<\/div>\n\t\t\t\t<\/div>\n\t\t\t\t<div class=\"elementor-element elementor-element-ebf770c elementor-widget elementor-widget-wd_text_block\" data-id=\"ebf770c\" data-element_type=\"widget\" data-widget_type=\"wd_text_block.default\">\n\t\t\t\t<div class=\"elementor-widget-container\">\n\t\t\t\t\t\t\t<div class=\"wd-text-block reset-last-child text-left\">\n\t\t\t\n\t\t\t<p>La soci\u00e9t\u00e9 renoue avec la tradition en faisant appel \u00e0 des designers internationaux \u00e0 travailler avec eux et de d\u00e9velopper de nouvelles technologies et des mat\u00e9riaux afin de garantir innovantes et des r\u00e9sultats surprenants. La Passion est le moteur de la marque, avec sa c\u00e9l\u00e8bre des cr\u00e9ations et de la haute-profil des collaborateurs \u00e0 rechercher des solutions originales \u00e0 l&#039;aide de mat\u00e9riaux de pointe, des m\u00e9thodes, des outils et des technologies.<\/p>\n\t\t\t\t\t<\/div>\n\t\t\t\t\t\t<\/div>\n\t\t\t\t<\/div>\n\t\t\t\t<div class=\"elementor-element elementor-element-51d04c2 elementor-widget elementor-widget-wd_list\" data-id=\"51d04c2\" data-element_type=\"widget\" data-widget_type=\"wd_list.default\">\n\t\t\t\t<div class=\"elementor-widget-container\">\n\t\t\t\t\t\t\t<ul class=\"wd-list color-scheme- wd-fontsize-s wd-list-type-image wd-list-style- wd-justify-left\">\n\t\t\t\t\t\t\t\t\t\t\t<li class=\"elementor-repeater-item-14e774a\">\n\t\t\t\t\t\t\t\t\t\t\t<img decoding=\"async\"  src=\"https:\/\/louxor16.com\/wp-content\/uploads\/2023\/04\/wd-furniture-dot-list.svg\" title=\"wd-meubles-dot-liste\" width=\"6\" height=\"6\">\t\t\t\t\t\n\t\t\t\t\t<span class=\"list-content\">\n\t\t\t\t\t\tChoisir les \u00e9l\u00e9ments dans un seul sch\u00e9ma de couleur et de style\t\t\t\t\t<\/span>\n\n\t\t\t\t\t\t\t\t\t<\/li>\n\t\t\t\t\t\t\t\t\t\t\t<li class=\"elementor-repeater-item-f676396\">\n\t\t\t\t\t\t\t\t\t\t\t<img decoding=\"async\"  src=\"https:\/\/louxor16.com\/wp-content\/uploads\/2023\/04\/wd-furniture-dot-list.svg\" title=\"wd-meubles-dot-liste\" width=\"6\" height=\"6\">\t\t\t\t\t\n\t\t\t\t\t<span class=\"list-content\">\n\t\t\t\t\t\tConsid\u00e9rer l&#039;espace de la chambre\t\t\t\t\t<\/span>\n\n\t\t\t\t\t\t\t\t\t<\/li>\n\t\t\t\t\t\t\t\t\t\t\t<li class=\"elementor-repeater-item-5c6fb97\">\n\t\t\t\t\t\t\t\t\t\t\t<img decoding=\"async\"  src=\"https:\/\/louxor16.com\/wp-content\/uploads\/2023\/04\/wd-furniture-dot-list.svg\" title=\"wd-meubles-dot-liste\" width=\"6\" height=\"6\">\t\t\t\t\t\n\t\t\t\t\t<span class=\"list-content\">\n\t\t\t\t\t\tNous remercions sinc\u00e8rement pour votre soutien.\t\t\t\t\t<\/span>\n\n\t\t\t\t\t\t\t\t\t<\/li>\n\t\t\t\t\t<\/ul>\n\n\t\t\t\t\t\t<\/div>\n\t\t\t\t<\/div>\n\t\t\t\t\t<\/div>\n\t\t<\/div>\n\t\t\t\t\t<\/div>\n\t\t<\/section>\n\t\t\t\t<\/div>","protected":false},"excerpt":{"rendered":"<p>Le mince organique formes sont fluides et gracieux. Noguchi souligne la l\u00e9g\u00e8ret\u00e9 des \u00e9l\u00e9ments avec de fines encore rembourrage confortable et un choix de tissus de rev\u00eatement dans des couleurs naturelles.<\/p>","protected":false},"featured_media":439,"template":"","meta":[],"product_brand":[],"product_cat":[27],"product_tag":[],"class_list":{"0":"post-438","1":"product","2":"type-product","3":"status-publish","4":"has-post-thumbnail","6":"product_cat-accessories","8":"first","9":"instock","10":"sale","11":"shipping-taxable","12":"purchasable","13":"product-type-simple"},"yoast_head":"<!-- This site is optimized with the Yoast SEO plugin v24.0 - https:\/\/yoast.com\/wordpress\/plugins\/seo\/ -->\n<title>Navona - louxor16.com<\/title>\n<meta name=\"description\" content=\"Louxor specializes in general export and import, with a particular focus on restaurant and bakery equipment.\" \/>\n<meta name=\"robots\" content=\"index, follow, max-snippet:-1, max-image-preview:large, max-video-preview:-1\" \/>\n<link rel=\"canonical\" href=\"https:\/\/louxor16.com\/fr\/produit\/navona\/\" \/>\n<meta property=\"og:locale\" content=\"fr_FR\" \/>\n<meta property=\"og:type\" content=\"article\" \/>\n<meta property=\"og:title\" content=\"Navona - louxor16.com\" \/>\n<meta property=\"og:description\" content=\"Louxor specializes in general export and import, with a particular focus on restaurant and bakery equipment.\" \/>\n<meta property=\"og:url\" content=\"https:\/\/louxor16.com\/fr\/produit\/navona\/\" \/>\n<meta property=\"og:site_name\" content=\"louxor16.com\" \/>\n<meta property=\"og:image\" content=\"https:\/\/louxor16.com\/wp-content\/uploads\/2023\/04\/wd-furniture-sofas-prod-12-1.jpg\" \/>\n\t<meta property=\"og:image:width\" content=\"700\" \/>\n\t<meta property=\"og:image:height\" content=\"800\" \/>\n\t<meta property=\"og:image:type\" content=\"image\/jpeg\" \/>\n<meta name=\"twitter:card\" content=\"summary_large_image\" \/>\n<script type=\"application\/ld+json\" class=\"yoast-schema-graph\">{\"@context\":\"https:\/\/schema.org\",\"@graph\":[{\"@type\":\"WebPage\",\"@id\":\"https:\/\/louxor16.com\/product\/navona\/\",\"url\":\"https:\/\/louxor16.com\/product\/navona\/\",\"name\":\"Navona - louxor16.com\",\"isPartOf\":{\"@id\":\"https:\/\/louxor16.com\/#website\"},\"primaryImageOfPage\":{\"@id\":\"https:\/\/louxor16.com\/product\/navona\/#primaryimage\"},\"image\":{\"@id\":\"https:\/\/louxor16.com\/product\/navona\/#primaryimage\"},\"thumbnailUrl\":\"https:\/\/louxor16.com\/wp-content\/uploads\/2023\/04\/wd-furniture-sofas-prod-12-1.jpg\",\"datePublished\":\"2023-04-21T14:54:06+00:00\",\"dateModified\":\"2023-04-21T14:54:06+00:00\",\"description\":\"Louxor specializes in general export and import, with a particular focus on restaurant and bakery equipment.\",\"breadcrumb\":{\"@id\":\"https:\/\/louxor16.com\/product\/navona\/#breadcrumb\"},\"inLanguage\":\"fr-FR\",\"potentialAction\":[{\"@type\":\"ReadAction\",\"target\":[\"https:\/\/louxor16.com\/product\/navona\/\"]}]},{\"@type\":\"ImageObject\",\"inLanguage\":\"fr-FR\",\"@id\":\"https:\/\/louxor16.com\/product\/navona\/#primaryimage\",\"url\":\"https:\/\/louxor16.com\/wp-content\/uploads\/2023\/04\/wd-furniture-sofas-prod-12-1.jpg\",\"contentUrl\":\"https:\/\/louxor16.com\/wp-content\/uploads\/2023\/04\/wd-furniture-sofas-prod-12-1.jpg\",\"width\":700,\"height\":800},{\"@type\":\"BreadcrumbList\",\"@id\":\"https:\/\/louxor16.com\/product\/navona\/#breadcrumb\",\"itemListElement\":[{\"@type\":\"ListItem\",\"position\":1,\"name\":\"Home\",\"item\":\"https:\/\/louxor16.com\/\"},{\"@type\":\"ListItem\",\"position\":2,\"name\":\"Shop\",\"item\":\"https:\/\/louxor16.com\/shop\/\"},{\"@type\":\"ListItem\",\"position\":3,\"name\":\"Navona\"}]},{\"@type\":\"WebSite\",\"@id\":\"https:\/\/louxor16.com\/#website\",\"url\":\"https:\/\/louxor16.com\/\",\"name\":\"louxor16.com\",\"description\":\"Louxor\",\"publisher\":{\"@id\":\"https:\/\/louxor16.com\/#organization\"},\"alternateName\":\"louxor86\",\"potentialAction\":[{\"@type\":\"SearchAction\",\"target\":{\"@type\":\"EntryPoint\",\"urlTemplate\":\"https:\/\/louxor16.com\/?s={search_term_string}\"},\"query-input\":{\"@type\":\"PropertyValueSpecification\",\"valueRequired\":true,\"valueName\":\"search_term_string\"}}],\"inLanguage\":\"fr-FR\"},{\"@type\":\"Organization\",\"@id\":\"https:\/\/louxor16.com\/#organization\",\"name\":\"louxor\",\"alternateName\":\"Louxor specializes in general export and import, with a particular focus on restaurant and bakery equipment.\",\"url\":\"https:\/\/louxor16.com\/\",\"logo\":{\"@type\":\"ImageObject\",\"inLanguage\":\"fr-FR\",\"@id\":\"https:\/\/louxor16.com\/#\/schema\/logo\/image\/\",\"url\":\"https:\/\/louxor16.com\/wp-content\/uploads\/2024\/12\/WhatsApp-Image-2024-12-05-at-19.14.06_5f822bc2.jpg\",\"contentUrl\":\"https:\/\/louxor16.com\/wp-content\/uploads\/2024\/12\/WhatsApp-Image-2024-12-05-at-19.14.06_5f822bc2.jpg\",\"width\":1280,\"height\":720,\"caption\":\"louxor\"},\"image\":{\"@id\":\"https:\/\/louxor16.com\/#\/schema\/logo\/image\/\"}}]}<\/script>\n<!-- \/ Yoast SEO plugin. -->","yoast_head_json":{"title":"Navona - louxor16.com","description":"Louxor est sp\u00e9cialis\u00e9e dans l&#039;exportation et l&#039;importation, avec un accent particulier sur le restaurant et boulangerie-p\u00e2tisserie de l&#039;\u00e9quipement.","robots":{"index":"index","follow":"follow","max-snippet":"max-snippet:-1","max-image-preview":"max-image-preview:large","max-video-preview":"max-video-preview:-1"},"canonical":"https:\/\/louxor16.com\/fr\/produit\/navona\/","og_locale":"fr_FR","og_type":"article","og_title":"Navona - louxor16.com","og_description":"Louxor specializes in general export and import, with a particular focus on restaurant and bakery equipment.","og_url":"https:\/\/louxor16.com\/fr\/produit\/navona\/","og_site_name":"louxor16.com","og_image":[{"width":700,"height":800,"url":"https:\/\/louxor16.com\/wp-content\/uploads\/2023\/04\/wd-furniture-sofas-prod-12-1.jpg","type":"image\/jpeg"}],"twitter_card":"summary_large_image","schema":{"@context":"https:\/\/schema.org","@graph":[{"@type":"WebPage","@id":"https:\/\/louxor16.com\/product\/navona\/","url":"https:\/\/louxor16.com\/product\/navona\/","name":"Navona - louxor16.com","isPartOf":{"@id":"https:\/\/louxor16.com\/#website"},"primaryImageOfPage":{"@id":"https:\/\/louxor16.com\/product\/navona\/#primaryimage"},"image":{"@id":"https:\/\/louxor16.com\/product\/navona\/#primaryimage"},"thumbnailUrl":"https:\/\/louxor16.com\/wp-content\/uploads\/2023\/04\/wd-furniture-sofas-prod-12-1.jpg","datePublished":"2023-04-21T14:54:06+00:00","dateModified":"2023-04-21T14:54:06+00:00","description":"Louxor est sp\u00e9cialis\u00e9e dans l&#039;exportation et l&#039;importation, avec un accent particulier sur le restaurant et boulangerie-p\u00e2tisserie de l&#039;\u00e9quipement.","breadcrumb":{"@id":"https:\/\/louxor16.com\/product\/navona\/#breadcrumb"},"inLanguage":"fr-FR","potentialAction":[{"@type":"ReadAction","target":["https:\/\/louxor16.com\/product\/navona\/"]}]},{"@type":"ImageObject","inLanguage":"fr-FR","@id":"https:\/\/louxor16.com\/product\/navona\/#primaryimage","url":"https:\/\/louxor16.com\/wp-content\/uploads\/2023\/04\/wd-furniture-sofas-prod-12-1.jpg","contentUrl":"https:\/\/louxor16.com\/wp-content\/uploads\/2023\/04\/wd-furniture-sofas-prod-12-1.jpg","width":700,"height":800},{"@type":"BreadcrumbList","@id":"https:\/\/louxor16.com\/product\/navona\/#breadcrumb","itemListElement":[{"@type":"ListItem","position":1,"name":"Home","item":"https:\/\/louxor16.com\/"},{"@type":"ListItem","position":2,"name":"Shop","item":"https:\/\/louxor16.com\/shop\/"},{"@type":"ListItem","position":3,"name":"Navona"}]},{"@type":"WebSite","@id":"https:\/\/louxor16.com\/#website","url":"https:\/\/louxor16.com\/","name":"louxor16.com","description":"Louxor","publisher":{"@id":"https:\/\/louxor16.com\/#organization"},"alternateName":"louxor86","potentialAction":[{"@type":"SearchAction","target":{"@type":"EntryPoint","urlTemplate":"https:\/\/louxor16.com\/?s={search_term_string}"},"query-input":{"@type":"PropertyValueSpecification","valueRequired":true,"valueName":"search_term_string"}}],"inLanguage":"fr-FR"},{"@type":"Organization","@id":"https:\/\/louxor16.com\/#organization","name":"louxor","alternateName":"Louxor specializes in general export and import, with a particular focus on restaurant and bakery equipment.","url":"https:\/\/louxor16.com\/","logo":{"@type":"ImageObject","inLanguage":"fr-FR","@id":"https:\/\/louxor16.com\/#\/schema\/logo\/image\/","url":"https:\/\/louxor16.com\/wp-content\/uploads\/2024\/12\/WhatsApp-Image-2024-12-05-at-19.14.06_5f822bc2.jpg","contentUrl":"https:\/\/louxor16.com\/wp-content\/uploads\/2024\/12\/WhatsApp-Image-2024-12-05-at-19.14.06_5f822bc2.jpg","width":1280,"height":720,"caption":"louxor"},"image":{"@id":"https:\/\/louxor16.com\/#\/schema\/logo\/image\/"}}]}},"_links":{"self":[{"href":"https:\/\/louxor16.com\/fr\/wp-json\/wp\/v2\/product\/438","targetHints":{"allow":["GET"]}}],"collection":[{"href":"https:\/\/louxor16.com\/fr\/wp-json\/wp\/v2\/product"}],"about":[{"href":"https:\/\/louxor16.com\/fr\/wp-json\/wp\/v2\/types\/product"}],"version-history":[{"count":0,"href":"https:\/\/louxor16.com\/fr\/wp-json\/wp\/v2\/product\/438\/revisions"}],"wp:featuredmedia":[{"embeddable":true,"href":"https:\/\/louxor16.com\/fr\/wp-json\/wp\/v2\/media\/439"}],"wp:attachment":[{"href":"https:\/\/louxor16.com\/fr\/wp-json\/wp\/v2\/media?parent=438"}],"wp:term":[{"taxonomy":"product_brand","embeddable":true,"href":"https:\/\/louxor16.com\/fr\/wp-json\/wp\/v2\/product_brand?post=438"},{"taxonomy":"product_cat","embeddable":true,"href":"https:\/\/louxor16.com\/fr\/wp-json\/wp\/v2\/product_cat?post=438"},{"taxonomy":"product_tag","embeddable":true,"href":"https:\/\/louxor16.com\/fr\/wp-json\/wp\/v2\/product_tag?post=438"}],"curies":[{"name":"wp","href":"https:\/\/api.w.org\/{rel}","templated":true}]}}